{"id":4243,"date":"2026-04-15T23:06:08","date_gmt":"2026-04-15T23:06:08","guid":{"rendered":"https:\/\/meg-fin.com\/?page_id=4243"},"modified":"2026-04-18T21:55:07","modified_gmt":"2026-04-18T21:55:07","slug":"contactos","status":"publish","type":"page","link":"https:\/\/www.meg-fin.com\/pt_pt\/contactos\/","title":{"rendered":"Contactos"},"content":{"rendered":"\t\t<div data-elementor-type=\"wp-page\" data-elementor-id=\"4243\" class=\"elementor elementor-4243\" data-elementor-post-type=\"page\">\n\t\t\t\t<div class=\"elementor-element elementor-element-46fa99c e-flex e-con-boxed e-con e-parent\" data-id=\"46fa99c\" data-element_type=\"container\" data-e-type=\"container\">\n\t\t\t\t\t<div class=\"e-con-inner\">\n\t\t<div class=\"elementor-element elementor-element-1e7f38a e-con-full e-flex e-con e-child\" data-id=\"1e7f38a\" data-element_type=\"container\" data-e-type=\"container\">\n\t\t\t\t<div class=\"elementor-element elementor-element-41cd70e elementor-widget-divider--view-line elementor-widget elementor-widget-divider\" data-id=\"41cd70e\" data-element_type=\"widget\" data-e-type=\"widget\" data-widget_type=\"divider.default\">\n\t\t\t\t<div class=\"elementor-widget-container\">\n\t\t\t\t\t\t\t<div class=\"elementor-divider\">\n\t\t\t<span class=\"elementor-divider-separator\">\n\t\t\t\t\t\t<\/span>\n\t\t<\/div>\n\t\t\t\t\t\t<\/div>\n\t\t\t\t<\/div>\n\t\t\t\t<div class=\"elementor-element elementor-element-20ea865 elementor-widget elementor-widget-heading\" data-id=\"20ea865\" data-element_type=\"widget\" data-e-type=\"widget\" data-widget_type=\"heading.default\">\n\t\t\t\t<div class=\"elementor-widget-container\">\n\t\t\t\t\t<h2 class=\"elementor-heading-title elementor-size-default\">Contactos<\/h2>\t\t\t\t<\/div>\n\t\t\t\t<\/div>\n\t\t\t\t<div class=\"elementor-element elementor-element-ceabbb7 elementor-widget elementor-widget-text-editor\" data-id=\"ceabbb7\" data-element_type=\"widget\" data-e-type=\"widget\" data-widget_type=\"text-editor.default\">\n\t\t\t\t<div class=\"elementor-widget-container\">\n\t\t\t\t\t\t\t\t\t<p>Prefere escrever antes de falar? Use o formul\u00e1rio.\u00a0<\/p>\t\t\t\t\t\t\t\t<\/div>\n\t\t\t\t<\/div>\n\t\t\t\t<div class=\"elementor-element elementor-element-9321287 elementor-widget elementor-widget-text-editor\" data-id=\"9321287\" data-element_type=\"widget\" data-e-type=\"widget\" data-widget_type=\"text-editor.default\">\n\t\t\t\t<div class=\"elementor-widget-container\">\n\t\t\t\t\t\t\t\t\t<div><div class=\"ct-info-label\">EMAIL<\/div><div class=\"ct-info-value\"><a href=\"mailto:contact@meg-fin.com\">contact@meg-fin.com<\/a><\/div><div><div>\u00a0<\/div><div>TELEFONE (chamada para rede fixa nacional)<\/div><div>+351 249 533 236<\/div><\/div><\/div><div><div>\u00a0<\/div><div class=\"ct-info-label\">LinkedIn<\/div><div class=\"ct-info-value\"><a href=\"https:\/\/linkedin.com\/company\/megfin\">linkedin.com\/company\/megfin<\/a><\/div><div>\u00a0<\/div><\/div>\t\t\t\t\t\t\t\t<\/div>\n\t\t\t\t<\/div>\n\t\t\t\t<\/div>\n\t\t<div class=\"elementor-element elementor-element-7717733 e-con-full e-flex e-con e-child\" data-id=\"7717733\" data-element_type=\"container\" data-e-type=\"container\">\n\t\t\t\t<div class=\"elementor-element elementor-element-5f09e44 elementor-button-align-stretch elementor-widget elementor-widget-form\" data-id=\"5f09e44\" data-element_type=\"widget\" data-e-type=\"widget\" data-settings=\"{&quot;step_next_label&quot;:&quot;Next&quot;,&quot;step_previous_label&quot;:&quot;Previous&quot;,&quot;button_width&quot;:&quot;100&quot;,&quot;step_type&quot;:&quot;number_text&quot;,&quot;step_icon_shape&quot;:&quot;circle&quot;}\" data-widget_type=\"form.default\">\n\t\t\t\t<div class=\"elementor-widget-container\">\n\t\t\t\t\t\t\t<form class=\"elementor-form\" method=\"post\" name=\"New Form\" aria-label=\"New Form\">\n\t\t\t<input type=\"hidden\" name=\"post_id\" value=\"4243\"\/>\n\t\t\t<input type=\"hidden\" name=\"form_id\" value=\"5f09e44\"\/>\n\t\t\t<input type=\"hidden\" name=\"referer_title\" value=\"Contactos \u2014 Meg Fin\" \/>\n\n\t\t\t\t\t\t\t<input type=\"hidden\" name=\"queried_id\" value=\"4243\"\/>\n\t\t\t\n\t\t\t<div class=\"elementor-form-fields-wrapper elementor-labels-above\">\n\t\t\t\t\t\t\t\t<div class=\"elementor-field-type-text elementor-field-group elementor-column elementor-field-group-name elementor-col-100 elementor-field-required elementor-mark-required\">\n\t\t\t\t\t\t\t\t\t\t\t\t<label for=\"form-field-name\" class=\"elementor-field-label\">\n\t\t\t\t\t\t\t\tNome\t\t\t\t\t\t\t<\/label>\n\t\t\t\t\t\t\t\t\t\t\t\t\t\t<input size=\"1\" type=\"text\" name=\"form_fields[name]\" id=\"form-field-name\" class=\"elementor-field elementor-size-sm  elementor-field-textual\" placeholder=\"Nome\" required=\"required\">\n\t\t\t\t\t\t\t\t\t\t\t<\/div>\n\t\t\t\t\t\t\t\t<div class=\"elementor-field-type-tel elementor-field-group elementor-column elementor-field-group-field_c74ed04 elementor-col-100 elementor-field-required elementor-mark-required\">\n\t\t\t\t\t\t\t\t\t\t\t\t<label for=\"form-field-field_c74ed04\" class=\"elementor-field-label\">\n\t\t\t\t\t\t\t\tTelefone\t\t\t\t\t\t\t<\/label>\n\t\t\t\t\t\t\t\t<input size=\"1\" type=\"tel\" name=\"form_fields[field_c74ed04]\" id=\"form-field-field_c74ed04\" class=\"elementor-field elementor-size-sm  elementor-field-textual\" placeholder=\"Telefone\" required=\"required\" pattern=\"[0-9()#&amp;+*-=.]+\" title=\"Only numbers and phone characters (#, -, *, etc) are accepted.\">\n\n\t\t\t\t\t\t<\/div>\n\t\t\t\t\t\t\t\t<div class=\"elementor-field-type-email elementor-field-group elementor-column elementor-field-group-email elementor-col-100 elementor-field-required elementor-mark-required\">\n\t\t\t\t\t\t\t\t\t\t\t\t<label for=\"form-field-email\" class=\"elementor-field-label\">\n\t\t\t\t\t\t\t\tEmail\t\t\t\t\t\t\t<\/label>\n\t\t\t\t\t\t\t\t\t\t\t\t\t\t<input size=\"1\" type=\"email\" name=\"form_fields[email]\" id=\"form-field-email\" class=\"elementor-field elementor-size-sm  elementor-field-textual\" placeholder=\"Email\" required=\"required\">\n\t\t\t\t\t\t\t\t\t\t\t<\/div>\n\t\t\t\t\t\t\t\t<div class=\"elementor-field-type-textarea elementor-field-group elementor-column elementor-field-group-message elementor-col-100\">\n\t\t\t\t\t\t\t\t\t\t\t\t<label for=\"form-field-message\" class=\"elementor-field-label\">\n\t\t\t\t\t\t\t\tMensagem\t\t\t\t\t\t\t<\/label>\n\t\t\t\t\t\t<textarea class=\"elementor-field-textual elementor-field  elementor-size-sm\" name=\"form_fields[message]\" id=\"form-field-message\" rows=\"2\" placeholder=\"Mensagem\"><\/textarea>\t\t\t\t<\/div>\n\t\t\t\t\t\t\t\t<div class=\"elementor-field-type-acceptance elementor-field-group elementor-column elementor-field-group-field_a202be8 elementor-col-100 elementor-field-required elementor-mark-required\">\n\t\t\t\t\t\t\t<div class=\"elementor-field-subgroup\">\n\t\t\t<span class=\"elementor-field-option\">\n\t\t\t\t<input type=\"checkbox\" name=\"form_fields[field_a202be8]\" id=\"form-field-field_a202be8\" class=\"elementor-field elementor-size-sm  elementor-acceptance-field\" required=\"required\" checked=\"checked\">\n\t\t\t\t<label for=\"form-field-field_a202be8\">Autorizo o tratamento dos meus dados pessoais para efeitos de contacto, nos termos da Pol\u00edtica de Privacidade.<\/label>\t\t\t<\/span>\n\t\t<\/div>\n\t\t\t\t\t\t<\/div>\n\t\t\t\t\t\t\t\t<div class=\"elementor-field-group elementor-column elementor-field-type-submit elementor-col-100 e-form__buttons\">\n\t\t\t\t\t<button class=\"elementor-button elementor-size-sm\" type=\"submit\">\n\t\t\t\t\t\t<span class=\"elementor-button-content-wrapper\">\n\t\t\t\t\t\t\t\t\t\t\t\t\t\t\t\t\t\t\t\t\t\t<span class=\"elementor-button-text\">Enviar<\/span>\n\t\t\t\t\t\t\t\t\t\t\t\t\t<\/span>\n\t\t\t\t\t<\/button>\n\t\t\t\t<\/div>\n\t\t\t<\/div>\n\t\t<\/form>\n\t\t\t\t\t\t<\/div>\n\t\t\t\t<\/div>\n\t\t\t\t<\/div>\n\t\t\t\t\t<\/div>\n\t\t\t\t<\/div>\n\t\t\t\t<\/div>\n\t\t","protected":false},"excerpt":{"rendered":"<p>Contactos Prefere escrever antes de falar? Use o formul\u00e1rio.\u00a0 EMAILcontact@meg-fin.com\u00a0TELEFONE (chamada para rede fixa nacional)+351 249 533 236\u00a0LinkedInlinkedin.com\/company\/megfin\u00a0<\/p>\n","protected":false},"author":1,"featured_media":0,"parent":0,"menu_order":0,"comment_status":"closed","ping_status":"closed","template":"","meta":{"footnotes":""},"class_list":["post-4243","page","type-page","status-publish","hentry"],"yoast_head":"<!-- This site is optimized with the Yoast SEO plugin v27.4 - https:\/\/yoast.com\/product\/yoast-seo-wordpress\/ -->\n<title>Contactos \u2014 Meg Fin<\/title>\n<meta name=\"description\" content=\"Fale connosco sobre cr\u00e9dito imobili\u00e1rio, seguros de sa\u00fade e vida em Portugal. Respondemos em menos de 24 horas.\" \/>\n<meta name=\"robots\" content=\"index, follow, max-snippet:-1, max-image-preview:large, max-video-preview:-1\" \/>\n<link rel=\"canonical\" href=\"https:\/\/www.meg-fin.com\/pt_pt\/contactos\/\" \/>\n<meta property=\"og:locale\" content=\"pt_PT\" \/>\n<meta property=\"og:type\" content=\"article\" \/>\n<meta property=\"og:title\" content=\"Contactos \u2014 Meg Fin\" \/>\n<meta property=\"og:description\" content=\"Fale connosco sobre cr\u00e9dito imobili\u00e1rio, seguros de sa\u00fade e vida em Portugal. Respondemos em menos de 24 horas.\" \/>\n<meta property=\"og:url\" content=\"https:\/\/www.meg-fin.com\/pt_pt\/contactos\/\" \/>\n<meta property=\"og:site_name\" content=\"Meg Fin\" \/>\n<meta property=\"article:publisher\" content=\"https:\/\/www.facebook.com\/profile.php?id=61559593223876\" \/>\n<meta property=\"article:modified_time\" content=\"2026-04-18T21:55:07+00:00\" \/>\n<meta property=\"og:image\" content=\"https:\/\/www.meg-fin.com\/wp-content\/uploads\/2024\/02\/Logo-site-1.png\" \/>\n\t<meta property=\"og:image:width\" content=\"350\" \/>\n\t<meta property=\"og:image:height\" content=\"100\" \/>\n\t<meta property=\"og:image:type\" content=\"image\/png\" \/>\n<meta name=\"twitter:card\" content=\"summary_large_image\" \/>\n<meta name=\"twitter:label1\" content=\"Tempo estimado de leitura\" \/>\n\t<meta name=\"twitter:data1\" content=\"1 minuto\" \/>\n<script type=\"application\/ld+json\" class=\"yoast-schema-graph\">{\"@context\":\"https:\\\/\\\/schema.org\",\"@graph\":[{\"@type\":\"WebPage\",\"@id\":\"https:\\\/\\\/www.meg-fin.com\\\/pt_pt\\\/contactos\\\/\",\"url\":\"https:\\\/\\\/www.meg-fin.com\\\/pt_pt\\\/contactos\\\/\",\"name\":\"Contactos \u2014 Meg Fin\",\"isPartOf\":{\"@id\":\"https:\\\/\\\/www.meg-fin.com\\\/pt_pt\\\/#website\"},\"datePublished\":\"2026-04-15T23:06:08+00:00\",\"dateModified\":\"2026-04-18T21:55:07+00:00\",\"description\":\"Fale connosco sobre cr\u00e9dito imobili\u00e1rio, seguros de sa\u00fade e vida em Portugal. Respondemos em menos de 24 horas.\",\"breadcrumb\":{\"@id\":\"https:\\\/\\\/www.meg-fin.com\\\/pt_pt\\\/contactos\\\/#breadcrumb\"},\"inLanguage\":\"pt-PT\",\"potentialAction\":[{\"@type\":\"ReadAction\",\"target\":[\"https:\\\/\\\/www.meg-fin.com\\\/pt_pt\\\/contactos\\\/\"]}]},{\"@type\":\"BreadcrumbList\",\"@id\":\"https:\\\/\\\/www.meg-fin.com\\\/pt_pt\\\/contactos\\\/#breadcrumb\",\"itemListElement\":[{\"@type\":\"ListItem\",\"position\":1,\"name\":\"Home\",\"item\":\"https:\\\/\\\/www.meg-fin.com\\\/\"},{\"@type\":\"ListItem\",\"position\":2,\"name\":\"Contactos\"}]},{\"@type\":\"WebSite\",\"@id\":\"https:\\\/\\\/www.meg-fin.com\\\/pt_pt\\\/#website\",\"url\":\"https:\\\/\\\/www.meg-fin.com\\\/pt_pt\\\/\",\"name\":\"Meg Fin\",\"description\":\"Intermedia\u00e7\u00e3o de cr\u00e9dito em Portugal\",\"publisher\":{\"@id\":\"https:\\\/\\\/www.meg-fin.com\\\/pt_pt\\\/#organization\"},\"potentialAction\":[{\"@type\":\"SearchAction\",\"target\":{\"@type\":\"EntryPoint\",\"urlTemplate\":\"https:\\\/\\\/www.meg-fin.com\\\/pt_pt\\\/?s={search_term_string}\"},\"query-input\":{\"@type\":\"PropertyValueSpecification\",\"valueRequired\":true,\"valueName\":\"search_term_string\"}}],\"inLanguage\":\"pt-PT\"},{\"@type\":\"Organization\",\"@id\":\"https:\\\/\\\/www.meg-fin.com\\\/pt_pt\\\/#organization\",\"name\":\"Meg Fin\",\"alternateName\":\"Megfin\",\"url\":\"https:\\\/\\\/www.meg-fin.com\\\/pt_pt\\\/\",\"logo\":{\"@type\":\"ImageObject\",\"inLanguage\":\"pt-PT\",\"@id\":\"https:\\\/\\\/www.meg-fin.com\\\/pt_pt\\\/#\\\/schema\\\/logo\\\/image\\\/\",\"url\":\"https:\\\/\\\/www.meg-fin.com\\\/wp-content\\\/uploads\\\/2024\\\/02\\\/Logo-site-1.png\",\"contentUrl\":\"https:\\\/\\\/www.meg-fin.com\\\/wp-content\\\/uploads\\\/2024\\\/02\\\/Logo-site-1.png\",\"width\":350,\"height\":100,\"caption\":\"Meg Fin\"},\"image\":{\"@id\":\"https:\\\/\\\/www.meg-fin.com\\\/pt_pt\\\/#\\\/schema\\\/logo\\\/image\\\/\"},\"sameAs\":[\"https:\\\/\\\/www.facebook.com\\\/profile.php?id=61559593223876\",\"https:\\\/\\\/www.linkedin.com\\\/company\\\/megfin\\\/\"]}]}<\/script>\n<!-- \/ Yoast SEO plugin. -->","yoast_head_json":{"title":"Contactos \u2014 Meg Fin","description":"Fale connosco sobre cr\u00e9dito imobili\u00e1rio, seguros de sa\u00fade e vida em Portugal. Respondemos em menos de 24 horas.","robots":{"index":"index","follow":"follow","max-snippet":"max-snippet:-1","max-image-preview":"max-image-preview:large","max-video-preview":"max-video-preview:-1"},"canonical":"https:\/\/www.meg-fin.com\/pt_pt\/contactos\/","og_locale":"pt_PT","og_type":"article","og_title":"Contactos \u2014 Meg Fin","og_description":"Fale connosco sobre cr\u00e9dito imobili\u00e1rio, seguros de sa\u00fade e vida em Portugal. Respondemos em menos de 24 horas.","og_url":"https:\/\/www.meg-fin.com\/pt_pt\/contactos\/","og_site_name":"Meg Fin","article_publisher":"https:\/\/www.facebook.com\/profile.php?id=61559593223876","article_modified_time":"2026-04-18T21:55:07+00:00","og_image":[{"width":350,"height":100,"url":"https:\/\/www.meg-fin.com\/wp-content\/uploads\/2024\/02\/Logo-site-1.png","type":"image\/png"}],"twitter_card":"summary_large_image","twitter_misc":{"Tempo estimado de leitura":"1 minuto"},"schema":{"@context":"https:\/\/schema.org","@graph":[{"@type":"WebPage","@id":"https:\/\/www.meg-fin.com\/pt_pt\/contactos\/","url":"https:\/\/www.meg-fin.com\/pt_pt\/contactos\/","name":"Contactos \u2014 Meg Fin","isPartOf":{"@id":"https:\/\/www.meg-fin.com\/pt_pt\/#website"},"datePublished":"2026-04-15T23:06:08+00:00","dateModified":"2026-04-18T21:55:07+00:00","description":"Fale connosco sobre cr\u00e9dito imobili\u00e1rio, seguros de sa\u00fade e vida em Portugal. Respondemos em menos de 24 horas.","breadcrumb":{"@id":"https:\/\/www.meg-fin.com\/pt_pt\/contactos\/#breadcrumb"},"inLanguage":"pt-PT","potentialAction":[{"@type":"ReadAction","target":["https:\/\/www.meg-fin.com\/pt_pt\/contactos\/"]}]},{"@type":"BreadcrumbList","@id":"https:\/\/www.meg-fin.com\/pt_pt\/contactos\/#breadcrumb","itemListElement":[{"@type":"ListItem","position":1,"name":"Home","item":"https:\/\/www.meg-fin.com\/"},{"@type":"ListItem","position":2,"name":"Contactos"}]},{"@type":"WebSite","@id":"https:\/\/www.meg-fin.com\/pt_pt\/#website","url":"https:\/\/www.meg-fin.com\/pt_pt\/","name":"Meg Fin","description":"Intermedia\u00e7\u00e3o de cr\u00e9dito em Portugal","publisher":{"@id":"https:\/\/www.meg-fin.com\/pt_pt\/#organization"},"potentialAction":[{"@type":"SearchAction","target":{"@type":"EntryPoint","urlTemplate":"https:\/\/www.meg-fin.com\/pt_pt\/?s={search_term_string}"},"query-input":{"@type":"PropertyValueSpecification","valueRequired":true,"valueName":"search_term_string"}}],"inLanguage":"pt-PT"},{"@type":"Organization","@id":"https:\/\/www.meg-fin.com\/pt_pt\/#organization","name":"Meg Fin","alternateName":"Megfin","url":"https:\/\/www.meg-fin.com\/pt_pt\/","logo":{"@type":"ImageObject","inLanguage":"pt-PT","@id":"https:\/\/www.meg-fin.com\/pt_pt\/#\/schema\/logo\/image\/","url":"https:\/\/www.meg-fin.com\/wp-content\/uploads\/2024\/02\/Logo-site-1.png","contentUrl":"https:\/\/www.meg-fin.com\/wp-content\/uploads\/2024\/02\/Logo-site-1.png","width":350,"height":100,"caption":"Meg Fin"},"image":{"@id":"https:\/\/www.meg-fin.com\/pt_pt\/#\/schema\/logo\/image\/"},"sameAs":["https:\/\/www.facebook.com\/profile.php?id=61559593223876","https:\/\/www.linkedin.com\/company\/megfin\/"]}]}},"_links":{"self":[{"href":"https:\/\/www.meg-fin.com\/pt_pt\/wp-json\/wp\/v2\/pages\/4243","targetHints":{"allow":["GET"]}}],"collection":[{"href":"https:\/\/www.meg-fin.com\/pt_pt\/wp-json\/wp\/v2\/pages"}],"about":[{"href":"https:\/\/www.meg-fin.com\/pt_pt\/wp-json\/wp\/v2\/types\/page"}],"author":[{"embeddable":true,"href":"https:\/\/www.meg-fin.com\/pt_pt\/wp-json\/wp\/v2\/users\/1"}],"replies":[{"embeddable":true,"href":"https:\/\/www.meg-fin.com\/pt_pt\/wp-json\/wp\/v2\/comments?post=4243"}],"version-history":[{"count":5,"href":"https:\/\/www.meg-fin.com\/pt_pt\/wp-json\/wp\/v2\/pages\/4243\/revisions"}],"predecessor-version":[{"id":4783,"href":"https:\/\/www.meg-fin.com\/pt_pt\/wp-json\/wp\/v2\/pages\/4243\/revisions\/4783"}],"wp:attachment":[{"href":"https:\/\/www.meg-fin.com\/pt_pt\/wp-json\/wp\/v2\/media?parent=4243"}],"curies":[{"name":"wp","href":"https:\/\/api.w.org\/{rel}","templated":true}]}}